{"id":2695,"date":"2023-02-06T10:33:38","date_gmt":"2023-02-06T10:33:38","guid":{"rendered":"https:\/\/proequipe.fr\/menciones-legales\/"},"modified":"2024-03-08T10:19:10","modified_gmt":"2024-03-08T10:19:10","slug":"menciones-legales","status":"publish","type":"page","link":"https:\/\/proequipe.fr\/es\/menciones-legales\/","title":{"rendered":"Menciones legales"},"content":{"rendered":"\n<p><strong>PROEQUIPE SARL<\/strong><\/p>\n\n<p><strong>SIRET: <\/strong>87893408290017<\/p>\n\n<p><strong>N\u00famero de IVA:<\/strong> 8878 934 082 00016 RCS PARIS 7820Z<\/p>\n\n<p><strong>Garant\u00eda financiera:<\/strong> Banco de Sabadell &#8211; 37 Av \u00d3scar Espl\u00e1 &#8211; 03007 Alicante &#8211; Espa\u00f1a (art. L. 1251-49 y siguientes del C\u00f3digo de Trabajo)<\/p>\n\n<p><em>Correo electr\u00f3nico de contacto para cuestiones jur\u00eddicas: <a href=\"mailto:info@proequipe.fr\">info@proequipe.fr<\/a><\/em><\/p>\n","protected":false},"excerpt":{"rendered":"<p>PROEQUIPE SARL SIRET: 87893408290017 N\u00famero de IVA: 8878 934 082 00016 RCS PARIS 7820Z Garant\u00eda financiera: Banco de Sabadell &#8211; 37 Av \u00d3scar Espl\u00e1 &#8211; 03007 Alicante &#8211; Espa\u00f1a (art. L. 1251-49 y siguientes del C\u00f3digo de Trabajo) Correo electr\u00f3nico de contacto para cuestiones jur\u00eddicas: info@proequipe.fr<\/p>\n","protected":false},"author":5,"featured_media":0,"parent":0,"menu_order":0,"comment_status":"closed","ping_status":"closed","template":"","meta":{"_joinchat":[],"footnotes":""},"class_list":["post-2695","page","type-page","status-publish","hentry"],"blocksy_meta":{"styles_descriptor":{"styles":{"desktop":"","tablet":"","mobile":""},"google_fonts":[],"version":6}},"_links":{"self":[{"href":"https:\/\/proequipe.fr\/es\/wp-json\/wp\/v2\/pages\/2695","targetHints":{"allow":["GET"]}}],"collection":[{"href":"https:\/\/proequipe.fr\/es\/wp-json\/wp\/v2\/pages"}],"about":[{"href":"https:\/\/proequipe.fr\/es\/wp-json\/wp\/v2\/types\/page"}],"author":[{"embeddable":true,"href":"https:\/\/proequipe.fr\/es\/wp-json\/wp\/v2\/users\/5"}],"replies":[{"embeddable":true,"href":"https:\/\/proequipe.fr\/es\/wp-json\/wp\/v2\/comments?post=2695"}],"version-history":[{"count":3,"href":"https:\/\/proequipe.fr\/es\/wp-json\/wp\/v2\/pages\/2695\/revisions"}],"predecessor-version":[{"id":2698,"href":"https:\/\/proequipe.fr\/es\/wp-json\/wp\/v2\/pages\/2695\/revisions\/2698"}],"wp:attachment":[{"href":"https:\/\/proequipe.fr\/es\/wp-json\/wp\/v2\/media?parent=2695"}],"curies":[{"name":"wp","href":"https:\/\/api.w.org\/{rel}","templated":true}]}}